{"id":59,"date":"2018-12-08T18:58:41","date_gmt":"2018-12-08T17:58:41","guid":{"rendered":"http:\/\/montailleur.fr\/?page_id=59"},"modified":"2022-05-23T17:35:21","modified_gmt":"2022-05-23T15:35:21","slug":"nouveautes-a-la-bibliotheque-2","status":"publish","type":"page","link":"https:\/\/montailleur.fr\/index.php\/nouveautes-a-la-bibliotheque-2\/","title":{"rendered":"Nouveaut\u00e9s \u00e0 la biblioth\u00e8que"},"content":{"rendered":"","protected":false},"excerpt":{"rendered":"","protected":false},"author":1,"featured_media":0,"parent":0,"menu_order":0,"comment_status":"closed","ping_status":"closed","template":"","meta":{"footnotes":""},"_links":{"self":[{"href":"https:\/\/montailleur.fr\/index.php\/wp-json\/wp\/v2\/pages\/59"}],"collection":[{"href":"https:\/\/montailleur.fr\/index.php\/wp-json\/wp\/v2\/pages"}],"about":[{"href":"https:\/\/montailleur.fr\/index.php\/wp-json\/wp\/v2\/types\/page"}],"author":[{"embeddable":true,"href":"https:\/\/montailleur.fr\/index.php\/wp-json\/wp\/v2\/users\/1"}],"replies":[{"embeddable":true,"href":"https:\/\/montailleur.fr\/index.php\/wp-json\/wp\/v2\/comments?post=59"}],"version-history":[{"count":16,"href":"https:\/\/montailleur.fr\/index.php\/wp-json\/wp\/v2\/pages\/59\/revisions"}],"predecessor-version":[{"id":1218,"href":"https:\/\/montailleur.fr\/index.php\/wp-json\/wp\/v2\/pages\/59\/revisions\/1218"}],"wp:attachment":[{"href":"https:\/\/montailleur.fr\/index.php\/wp-json\/wp\/v2\/media?parent=59"}],"curies":[{"name":"wp","href":"https:\/\/api.w.org\/{rel}","templated":true}]}}